{"id":49,"date":"2024-09-10T20:02:44","date_gmt":"2024-09-10T20:02:44","guid":{"rendered":"https:\/\/www.tax-5.ch\/?page_id=49"},"modified":"2025-12-18T22:18:09","modified_gmt":"2025-12-18T22:18:09","slug":"velvet-robot","status":"publish","type":"page","link":"https:\/\/www.tax-5.ch\/studio5\/projekte\/velvet-robot\/","title":{"rendered":"IN-ACTIVE"},"content":{"rendered":"\n<figure class=\"wp-block-image size-full wp-duotone-000000-ffffff-1\"><img loading=\"lazy\" decoding=\"async\" width=\"1326\" height=\"188\" src=\"https:\/\/www.tax-5.ch\/wp-content\/uploads\/2025\/01\/IN-ACTIVE-SHADOW2.png\" alt=\"\" class=\"wp-image-1107\" srcset=\"https:\/\/www.tax-5.ch\/studio5\/wp-content\/uploads\/2025\/01\/IN-ACTIVE-SHADOW2.png 1326w, https:\/\/www.tax-5.ch\/studio5\/wp-content\/uploads\/2025\/01\/IN-ACTIVE-SHADOW2-300x43.png 300w, https:\/\/www.tax-5.ch\/studio5\/wp-content\/uploads\/2025\/01\/IN-ACTIVE-SHADOW2-1024x145.png 1024w, https:\/\/www.tax-5.ch\/studio5\/wp-content\/uploads\/2025\/01\/IN-ACTIVE-SHADOW2-768x109.png 768w, https:\/\/www.tax-5.ch\/studio5\/wp-content\/uploads\/2025\/01\/IN-ACTIVE-SHADOW2-600x85.png 600w\" sizes=\"auto, (max-width: 1326px) 100vw, 1326px\" \/><\/figure>\n\n\n\n<p>Bei <strong>In-Active<\/strong> handelt es sich um eine KI-Band, bestehend aus den fiktiven Mitgliedern <em>Elizabeth<\/em>, <em>Denise<\/em> und <em>Steve<\/em>. F\u00fcr die Produktion zeichnet sich <a href=\"https:\/\/www.tax-5.ch\/projekte\/tax-5\/\" data-type=\"page\" data-id=\"13\"><strong>Tax-5<\/strong><\/a> verantwortlich, welcher auch gleichzeitig die Texte schreibt. <strong>In-Active<\/strong> wurde 2024 gegr\u00fcndet.<\/p>\n\n\n<div class=\"wp-block-image is-style-default\">\n<figure class=\"aligncenter size-full has-custom-border\"><img loading=\"lazy\" decoding=\"async\" width=\"1024\" height=\"818\" src=\"https:\/\/www.tax-5.ch\/wp-content\/uploads\/2025\/02\/in-active-band-1.png\" alt=\"\" class=\"wp-image-1125\" style=\"border-radius:23px;object-fit:cover\" srcset=\"https:\/\/www.tax-5.ch\/studio5\/wp-content\/uploads\/2025\/02\/in-active-band-1.png 1024w, https:\/\/www.tax-5.ch\/studio5\/wp-content\/uploads\/2025\/02\/in-active-band-1-300x240.png 300w, https:\/\/www.tax-5.ch\/studio5\/wp-content\/uploads\/2025\/02\/in-active-band-1-768x614.png 768w, https:\/\/www.tax-5.ch\/studio5\/wp-content\/uploads\/2025\/02\/in-active-band-1-600x479.png 600w\" sizes=\"auto, (max-width: 1024px) 100vw, 1024px\" \/><figcaption class=\"wp-element-caption\">Links: <em>Elizabeth<\/em> | Mitte: <em>Steve <\/em>| Rechts: <em>Denise<\/em><\/figcaption><\/figure>\n<\/div>\n\n\n<h2 class=\"wp-block-heading\">Die Musik von IN-ACTIVE<\/h2>\n\n\n\n<p>Die Musik von<strong>In-Active<\/strong> ist grob dem Genre Synthwave zuzuordnen. Dazu gibt es zum Teil Einfl\u00fcsse von Techno, Drum and Bass, Synth-Rock und Italo Disco. W\u00e4hrend die Musik melodi\u00f6s und melancholisch ist, handeln die Texte oftmals von vergangenen Zeiten oder der nahen Zukunft.<br>Das Grundger\u00fcst der Musik ist KI-generiert, wird aber durch intensive Studio-Arbeit von <a href=\"https:\/\/www.tax-5.ch\/projekte\/tax-5\/\" data-type=\"page\" data-id=\"13\"><strong>Tax-5<\/strong> <\/a>weiter bearbeitet und verfeinert. Die Songstruktur ist hierbei oftmals <em>&#8222;klassisch&#8220;<\/em> gehalten und somit Radio-tauglich.<\/p>\n\n\n\n<h2 class=\"wp-block-heading\">Alben<\/h2>\n\n\n\n<div class=\"wp-block-columns is-style-default is-layout-flex wp-container-core-columns-is-layout-9d6595d7 wp-block-columns-is-layout-flex\">\n<div class=\"wp-block-column is-layout-flow wp-block-column-is-layout-flow\" style=\"flex-basis:25%\">\n<figure class=\"wp-block-image size-full\"><a href=\"https:\/\/open.spotify.com\/intl-de\/album\/3WPswgbdpnFQLq12lGzC3a\"><img loading=\"lazy\" decoding=\"async\" width=\"2560\" height=\"2560\" src=\"https:\/\/www.tax-5.ch\/wp-content\/uploads\/2025\/01\/In-Active-Love-Letter-From-The-Future-COVER-scaled.jpg\" alt=\"\" class=\"wp-image-1110\" srcset=\"https:\/\/www.tax-5.ch\/studio5\/wp-content\/uploads\/2025\/01\/In-Active-Love-Letter-From-The-Future-COVER-scaled.jpg 2560w, https:\/\/www.tax-5.ch\/studio5\/wp-content\/uploads\/2025\/01\/In-Active-Love-Letter-From-The-Future-COVER-300x300.jpg 300w, https:\/\/www.tax-5.ch\/studio5\/wp-content\/uploads\/2025\/01\/In-Active-Love-Letter-From-The-Future-COVER-1024x1024.jpg 1024w, https:\/\/www.tax-5.ch\/studio5\/wp-content\/uploads\/2025\/01\/In-Active-Love-Letter-From-The-Future-COVER-150x150.jpg 150w, https:\/\/www.tax-5.ch\/studio5\/wp-content\/uploads\/2025\/01\/In-Active-Love-Letter-From-The-Future-COVER-768x768.jpg 768w, https:\/\/www.tax-5.ch\/studio5\/wp-content\/uploads\/2025\/01\/In-Active-Love-Letter-From-The-Future-COVER-1536x1536.jpg 1536w, https:\/\/www.tax-5.ch\/studio5\/wp-content\/uploads\/2025\/01\/In-Active-Love-Letter-From-The-Future-COVER-2048x2048.jpg 2048w, https:\/\/www.tax-5.ch\/studio5\/wp-content\/uploads\/2025\/01\/In-Active-Love-Letter-From-The-Future-COVER-600x600.jpg 600w, https:\/\/www.tax-5.ch\/studio5\/wp-content\/uploads\/2025\/01\/In-Active-Love-Letter-From-The-Future-COVER-100x100.jpg 100w\" sizes=\"auto, (max-width: 2560px) 100vw, 2560px\" \/><\/a><\/figure>\n<\/div>\n\n\n\n<div class=\"wp-block-column is-layout-flow wp-block-column-is-layout-flow\" style=\"flex-basis:34.01%\">\n<h2 class=\"wp-block-heading\" style=\"margin-top:0;margin-right:0;margin-bottom:0;margin-left:0\"><strong>LOVE LETTER FROM THE FUTURE<\/strong><\/h2>\n\n\n\n<p style=\"font-size:1.1rem\"><strong>GENRE:<\/strong> Synth-Pop<br><strong>JAHR:<\/strong> 2025<br><strong>INHALT: <\/strong>20 Tracks \/ 67.55min<br><strong>FORMAT:<\/strong> Digital<\/p>\n<\/div>\n\n\n\n<div class=\"wp-block-column is-layout-flow wp-block-column-is-layout-flow\" style=\"flex-basis:25%\">\n<figure class=\"wp-block-image size-large\"><a href=\"https:\/\/open.spotify.com\/intl-de\/album\/0mmz5pXli8EdP3z8dFZPrC\"><img loading=\"lazy\" decoding=\"async\" width=\"1024\" height=\"1024\" src=\"https:\/\/www.tax-5.ch\/wp-content\/uploads\/2025\/05\/In-Active-No-Humans-Allowed-COVER-1024x1024.jpg\" alt=\"\" class=\"wp-image-1220\" srcset=\"https:\/\/www.tax-5.ch\/studio5\/wp-content\/uploads\/2025\/05\/In-Active-No-Humans-Allowed-COVER-1024x1024.jpg 1024w, https:\/\/www.tax-5.ch\/studio5\/wp-content\/uploads\/2025\/05\/In-Active-No-Humans-Allowed-COVER-300x300.jpg 300w, https:\/\/www.tax-5.ch\/studio5\/wp-content\/uploads\/2025\/05\/In-Active-No-Humans-Allowed-COVER-150x150.jpg 150w, https:\/\/www.tax-5.ch\/studio5\/wp-content\/uploads\/2025\/05\/In-Active-No-Humans-Allowed-COVER-768x768.jpg 768w, https:\/\/www.tax-5.ch\/studio5\/wp-content\/uploads\/2025\/05\/In-Active-No-Humans-Allowed-COVER-1536x1536.jpg 1536w, https:\/\/www.tax-5.ch\/studio5\/wp-content\/uploads\/2025\/05\/In-Active-No-Humans-Allowed-COVER-2048x2048.jpg 2048w, https:\/\/www.tax-5.ch\/studio5\/wp-content\/uploads\/2025\/05\/In-Active-No-Humans-Allowed-COVER-600x600.jpg 600w, https:\/\/www.tax-5.ch\/studio5\/wp-content\/uploads\/2025\/05\/In-Active-No-Humans-Allowed-COVER-100x100.jpg 100w\" sizes=\"auto, (max-width: 1024px) 100vw, 1024px\" \/><\/a><\/figure>\n<\/div>\n\n\n\n<div class=\"wp-block-column is-layout-flow wp-block-column-is-layout-flow\" style=\"flex-basis:34.01%\">\n<h2 class=\"wp-block-heading\">NO HUMANS ALLOWED<\/h2>\n\n\n\n<p style=\"font-size:1.1rem\"><strong>GENRE:<\/strong> Synth-Pop<br><strong>JAHR:<\/strong> 2025<br><strong>INHALT: <\/strong>20 Tracks \/ 69.42min<br><strong>FORMAT:<\/strong> Digital<\/p>\n<\/div>\n<\/div>\n\n\n\n<div class=\"wp-block-columns is-style-default is-layout-flex wp-container-core-columns-is-layout-9d6595d7 wp-block-columns-is-layout-flex\">\n<div class=\"wp-block-column is-layout-flow wp-block-column-is-layout-flow\" style=\"flex-basis:25%\">\n<figure class=\"wp-block-image size-full\"><a href=\"https:\/\/open.spotify.com\/intl-de\/album\/3lVGFZAJz3qC3lSMZuwRMb\"><img loading=\"lazy\" decoding=\"async\" width=\"2560\" height=\"2560\" src=\"https:\/\/www.tax-5.ch\/wp-content\/uploads\/2025\/12\/In-Active-Time-Travel-is-a-Human-Right-COVER-scaled.jpg\" alt=\"\" class=\"wp-image-1355\" srcset=\"https:\/\/www.tax-5.ch\/studio5\/wp-content\/uploads\/2025\/12\/In-Active-Time-Travel-is-a-Human-Right-COVER-scaled.jpg 2560w, https:\/\/www.tax-5.ch\/studio5\/wp-content\/uploads\/2025\/12\/In-Active-Time-Travel-is-a-Human-Right-COVER-300x300.jpg 300w, https:\/\/www.tax-5.ch\/studio5\/wp-content\/uploads\/2025\/12\/In-Active-Time-Travel-is-a-Human-Right-COVER-1024x1024.jpg 1024w, https:\/\/www.tax-5.ch\/studio5\/wp-content\/uploads\/2025\/12\/In-Active-Time-Travel-is-a-Human-Right-COVER-150x150.jpg 150w, https:\/\/www.tax-5.ch\/studio5\/wp-content\/uploads\/2025\/12\/In-Active-Time-Travel-is-a-Human-Right-COVER-768x768.jpg 768w, https:\/\/www.tax-5.ch\/studio5\/wp-content\/uploads\/2025\/12\/In-Active-Time-Travel-is-a-Human-Right-COVER-1536x1536.jpg 1536w, https:\/\/www.tax-5.ch\/studio5\/wp-content\/uploads\/2025\/12\/In-Active-Time-Travel-is-a-Human-Right-COVER-2048x2048.jpg 2048w, https:\/\/www.tax-5.ch\/studio5\/wp-content\/uploads\/2025\/12\/In-Active-Time-Travel-is-a-Human-Right-COVER-600x600.jpg 600w, https:\/\/www.tax-5.ch\/studio5\/wp-content\/uploads\/2025\/12\/In-Active-Time-Travel-is-a-Human-Right-COVER-100x100.jpg 100w\" sizes=\"auto, (max-width: 2560px) 100vw, 2560px\" \/><\/a><\/figure>\n<\/div>\n\n\n\n<div class=\"wp-block-column is-layout-flow wp-block-column-is-layout-flow\" style=\"flex-basis:34.01%\">\n<h2 class=\"wp-block-heading\" style=\"margin-top:0;margin-right:0;margin-bottom:0;margin-left:0\"><strong>TIME TRAVEL IS A HUMAN RIGHT<\/strong><\/h2>\n\n\n\n<p style=\"font-size:1.1rem\"><strong>GENRE:<\/strong> Synth-Pop<br><strong>JAHR:<\/strong> 2025<br><strong>INHALT: <\/strong>20 Tracks \/ 73.00min<br><strong>FORMAT:<\/strong> Digital<\/p>\n<\/div>\n\n\n\n<div class=\"wp-block-column is-layout-flow wp-block-column-is-layout-flow\" style=\"flex-basis:25%\"><\/div>\n\n\n\n<div class=\"wp-block-column is-layout-flow wp-block-column-is-layout-flow\" style=\"flex-basis:34.01%\">\n<h2 class=\"wp-block-heading\"><\/h2>\n\n\n\n<p style=\"font-size:1.1rem\"><\/p>\n<\/div>\n<\/div>\n\n\n\n<h2 class=\"wp-block-heading\">Singles \/ EPs<\/h2>\n\n\n\n<div class=\"wp-block-columns is-style-default is-layout-flex wp-container-core-columns-is-layout-9d6595d7 wp-block-columns-is-layout-flex\">\n<div class=\"wp-block-column is-layout-flow wp-block-column-is-layout-flow\" style=\"flex-basis:25%\">\n<figure class=\"wp-block-image size-full\"><a href=\"https:\/\/open.spotify.com\/intl-de\/album\/0igrL3ZKKBEcsGyHygsQdo\"><img loading=\"lazy\" decoding=\"async\" width=\"2560\" height=\"2560\" src=\"https:\/\/www.tax-5.ch\/wp-content\/uploads\/2025\/05\/In-Active-Its-Summer-Now-COVER-scaled.jpg\" alt=\"\" class=\"wp-image-1219\" srcset=\"https:\/\/www.tax-5.ch\/studio5\/wp-content\/uploads\/2025\/05\/In-Active-Its-Summer-Now-COVER-scaled.jpg 2560w, https:\/\/www.tax-5.ch\/studio5\/wp-content\/uploads\/2025\/05\/In-Active-Its-Summer-Now-COVER-300x300.jpg 300w, https:\/\/www.tax-5.ch\/studio5\/wp-content\/uploads\/2025\/05\/In-Active-Its-Summer-Now-COVER-1024x1024.jpg 1024w, https:\/\/www.tax-5.ch\/studio5\/wp-content\/uploads\/2025\/05\/In-Active-Its-Summer-Now-COVER-150x150.jpg 150w, https:\/\/www.tax-5.ch\/studio5\/wp-content\/uploads\/2025\/05\/In-Active-Its-Summer-Now-COVER-768x768.jpg 768w, https:\/\/www.tax-5.ch\/studio5\/wp-content\/uploads\/2025\/05\/In-Active-Its-Summer-Now-COVER-1536x1536.jpg 1536w, https:\/\/www.tax-5.ch\/studio5\/wp-content\/uploads\/2025\/05\/In-Active-Its-Summer-Now-COVER-2048x2048.jpg 2048w, https:\/\/www.tax-5.ch\/studio5\/wp-content\/uploads\/2025\/05\/In-Active-Its-Summer-Now-COVER-600x600.jpg 600w, https:\/\/www.tax-5.ch\/studio5\/wp-content\/uploads\/2025\/05\/In-Active-Its-Summer-Now-COVER-100x100.jpg 100w\" sizes=\"auto, (max-width: 2560px) 100vw, 2560px\" \/><\/a><\/figure>\n<\/div>\n\n\n\n<div class=\"wp-block-column is-layout-flow wp-block-column-is-layout-flow\" style=\"flex-basis:34.01%\">\n<h2 class=\"wp-block-heading\" style=\"margin-top:0;margin-right:0;margin-bottom:0;margin-left:0\"><strong>IT&#8217;S SUMMER NOW<\/strong><\/h2>\n\n\n\n<p style=\"font-size:1.1rem\"><strong>GENRE:<\/strong> Synth-Pop<br><strong>JAHR:<\/strong> 2025<br><strong>INHALT: <\/strong>5 Tracks \/ 16.23min<br><strong>FORMAT:<\/strong> Digital<\/p>\n<\/div>\n\n\n\n<div class=\"wp-block-column is-layout-flow wp-block-column-is-layout-flow\" style=\"flex-basis:25%\">\n<figure class=\"wp-block-image size-large\"><a href=\"https:\/\/open.spotify.com\/intl-de\/album\/6ION6Ap9k799bQo1GefbDO\"><img loading=\"lazy\" decoding=\"async\" width=\"1024\" height=\"1024\" src=\"https:\/\/www.tax-5.ch\/wp-content\/uploads\/2025\/12\/In-Active-Its-Winter-Now-COVER-1024x1024.jpg\" alt=\"\" class=\"wp-image-1356\" srcset=\"https:\/\/www.tax-5.ch\/studio5\/wp-content\/uploads\/2025\/12\/In-Active-Its-Winter-Now-COVER-1024x1024.jpg 1024w, https:\/\/www.tax-5.ch\/studio5\/wp-content\/uploads\/2025\/12\/In-Active-Its-Winter-Now-COVER-300x300.jpg 300w, https:\/\/www.tax-5.ch\/studio5\/wp-content\/uploads\/2025\/12\/In-Active-Its-Winter-Now-COVER-150x150.jpg 150w, https:\/\/www.tax-5.ch\/studio5\/wp-content\/uploads\/2025\/12\/In-Active-Its-Winter-Now-COVER-768x768.jpg 768w, https:\/\/www.tax-5.ch\/studio5\/wp-content\/uploads\/2025\/12\/In-Active-Its-Winter-Now-COVER-1536x1536.jpg 1536w, https:\/\/www.tax-5.ch\/studio5\/wp-content\/uploads\/2025\/12\/In-Active-Its-Winter-Now-COVER-2048x2048.jpg 2048w, https:\/\/www.tax-5.ch\/studio5\/wp-content\/uploads\/2025\/12\/In-Active-Its-Winter-Now-COVER-600x600.jpg 600w, https:\/\/www.tax-5.ch\/studio5\/wp-content\/uploads\/2025\/12\/In-Active-Its-Winter-Now-COVER-100x100.jpg 100w\" sizes=\"auto, (max-width: 1024px) 100vw, 1024px\" \/><\/a><\/figure>\n<\/div>\n\n\n\n<div class=\"wp-block-column is-layout-flow wp-block-column-is-layout-flow\" style=\"flex-basis:34.01%\">\n<h2 class=\"wp-block-heading\">IT&#8217;S WINTER NOW<\/h2>\n\n\n\n<p style=\"font-size:1.1rem\"><strong>GENRE:<\/strong> Synth-Pop<br><strong>JAHR:<\/strong> 2025<br><strong>INHALT: <\/strong>7 Tracks \/ 24.57min<br><strong>FORMAT:<\/strong> Digital<\/p>\n<\/div>\n<\/div>\n\n\n\n<h2 class=\"wp-block-heading\">Digital Sampler<\/h2>\n\n\n\n<figure class=\"wp-block-gallery has-nested-images columns-4 is-cropped wp-block-gallery-2 is-layout-flex wp-block-gallery-is-layout-flex\">\n<figure class=\"wp-block-image size-full\" style=\"margin-right:0;margin-left:0\"><a href=\"https:\/\/open.spotify.com\/intl-de\/album\/6E2UziMLTjsE1deILrRc7t\"><img loading=\"lazy\" decoding=\"async\" width=\"2560\" height=\"2560\" data-id=\"692\" src=\"https:\/\/www.tax-5.ch\/wp-content\/uploads\/2024\/10\/Ambient-Dreams-Vol-3-FINAL-j-scaled.jpg\" alt=\"\" class=\"wp-image-692\" srcset=\"https:\/\/www.tax-5.ch\/studio5\/wp-content\/uploads\/2024\/10\/Ambient-Dreams-Vol-3-FINAL-j-scaled.jpg 2560w, https:\/\/www.tax-5.ch\/studio5\/wp-content\/uploads\/2024\/10\/Ambient-Dreams-Vol-3-FINAL-j-300x300.jpg 300w, https:\/\/www.tax-5.ch\/studio5\/wp-content\/uploads\/2024\/10\/Ambient-Dreams-Vol-3-FINAL-j-1024x1024.jpg 1024w, https:\/\/www.tax-5.ch\/studio5\/wp-content\/uploads\/2024\/10\/Ambient-Dreams-Vol-3-FINAL-j-150x150.jpg 150w, https:\/\/www.tax-5.ch\/studio5\/wp-content\/uploads\/2024\/10\/Ambient-Dreams-Vol-3-FINAL-j-768x768.jpg 768w, https:\/\/www.tax-5.ch\/studio5\/wp-content\/uploads\/2024\/10\/Ambient-Dreams-Vol-3-FINAL-j-1536x1536.jpg 1536w, https:\/\/www.tax-5.ch\/studio5\/wp-content\/uploads\/2024\/10\/Ambient-Dreams-Vol-3-FINAL-j-2048x2048.jpg 2048w, https:\/\/www.tax-5.ch\/studio5\/wp-content\/uploads\/2024\/10\/Ambient-Dreams-Vol-3-FINAL-j-600x600.jpg 600w, https:\/\/www.tax-5.ch\/studio5\/wp-content\/uploads\/2024\/10\/Ambient-Dreams-Vol-3-FINAL-j-100x100.jpg 100w\" sizes=\"auto, (max-width: 2560px) 100vw, 2560px\" \/><\/a><\/figure>\n\n\n\n<figure class=\"wp-block-image size-full\"><a href=\"https:\/\/www.amazon.de\/Make-Me-Higher\/dp\/B0DZ76S4SR\"><img loading=\"lazy\" decoding=\"async\" width=\"716\" height=\"716\" data-id=\"1267\" src=\"https:\/\/www.tax-5.ch\/wp-content\/uploads\/2025\/06\/running-to-the-ocean-nostalgia-is-a-lie-jpg.jpg\" alt=\"\" class=\"wp-image-1267\" srcset=\"https:\/\/www.tax-5.ch\/studio5\/wp-content\/uploads\/2025\/06\/running-to-the-ocean-nostalgia-is-a-lie-jpg.jpg 716w, https:\/\/www.tax-5.ch\/studio5\/wp-content\/uploads\/2025\/06\/running-to-the-ocean-nostalgia-is-a-lie-jpg-300x300.jpg 300w, https:\/\/www.tax-5.ch\/studio5\/wp-content\/uploads\/2025\/06\/running-to-the-ocean-nostalgia-is-a-lie-jpg-150x150.jpg 150w, https:\/\/www.tax-5.ch\/studio5\/wp-content\/uploads\/2025\/06\/running-to-the-ocean-nostalgia-is-a-lie-jpg-600x600.jpg 600w, https:\/\/www.tax-5.ch\/studio5\/wp-content\/uploads\/2025\/06\/running-to-the-ocean-nostalgia-is-a-lie-jpg-100x100.jpg 100w\" sizes=\"auto, (max-width: 716px) 100vw, 716px\" \/><\/a><\/figure>\n\n\n\n<figure class=\"wp-block-image size-full\"><a href=\"https:\/\/open.spotify.com\/intl-de\/album\/4f12w2J6RXSQ1PIRHKe245\"><img loading=\"lazy\" decoding=\"async\" width=\"2560\" height=\"2560\" data-id=\"1198\" src=\"https:\/\/www.tax-5.ch\/wp-content\/uploads\/2025\/05\/Ambient-Dreams-Vol-5-COVER-scaled.jpg\" alt=\"\" class=\"wp-image-1198\" srcset=\"https:\/\/www.tax-5.ch\/studio5\/wp-content\/uploads\/2025\/05\/Ambient-Dreams-Vol-5-COVER-scaled.jpg 2560w, https:\/\/www.tax-5.ch\/studio5\/wp-content\/uploads\/2025\/05\/Ambient-Dreams-Vol-5-COVER-300x300.jpg 300w, https:\/\/www.tax-5.ch\/studio5\/wp-content\/uploads\/2025\/05\/Ambient-Dreams-Vol-5-COVER-1024x1024.jpg 1024w, https:\/\/www.tax-5.ch\/studio5\/wp-content\/uploads\/2025\/05\/Ambient-Dreams-Vol-5-COVER-150x150.jpg 150w, https:\/\/www.tax-5.ch\/studio5\/wp-content\/uploads\/2025\/05\/Ambient-Dreams-Vol-5-COVER-768x768.jpg 768w, https:\/\/www.tax-5.ch\/studio5\/wp-content\/uploads\/2025\/05\/Ambient-Dreams-Vol-5-COVER-1536x1536.jpg 1536w, https:\/\/www.tax-5.ch\/studio5\/wp-content\/uploads\/2025\/05\/Ambient-Dreams-Vol-5-COVER-2048x2048.jpg 2048w, https:\/\/www.tax-5.ch\/studio5\/wp-content\/uploads\/2025\/05\/Ambient-Dreams-Vol-5-COVER-600x600.jpg 600w, https:\/\/www.tax-5.ch\/studio5\/wp-content\/uploads\/2025\/05\/Ambient-Dreams-Vol-5-COVER-100x100.jpg 100w\" sizes=\"auto, (max-width: 2560px) 100vw, 2560px\" \/><\/a><\/figure>\n\n\n\n<figure class=\"wp-block-image size-full\"><a href=\"https:\/\/www.junodownload.com\/products\/retrowave-synthpop-soundstation\/7098604-02\/?srsltid=AfmBOorFGnD89teqn7iEkEu6bIXzOxHgtZa6YOUaFLVUizWSEzlR3dWA\"><img loading=\"lazy\" decoding=\"async\" width=\"700\" height=\"700\" data-id=\"1289\" src=\"https:\/\/www.tax-5.ch\/wp-content\/uploads\/2025\/07\/Retrowave-Synthpop-Soundstation-In-Active-Computone-Love-Letter-From-The-Future-Computone-remix.jpg\" alt=\"\" class=\"wp-image-1289\" srcset=\"https:\/\/www.tax-5.ch\/studio5\/wp-content\/uploads\/2025\/07\/Retrowave-Synthpop-Soundstation-In-Active-Computone-Love-Letter-From-The-Future-Computone-remix.jpg 700w, https:\/\/www.tax-5.ch\/studio5\/wp-content\/uploads\/2025\/07\/Retrowave-Synthpop-Soundstation-In-Active-Computone-Love-Letter-From-The-Future-Computone-remix-300x300.jpg 300w, https:\/\/www.tax-5.ch\/studio5\/wp-content\/uploads\/2025\/07\/Retrowave-Synthpop-Soundstation-In-Active-Computone-Love-Letter-From-The-Future-Computone-remix-150x150.jpg 150w, https:\/\/www.tax-5.ch\/studio5\/wp-content\/uploads\/2025\/07\/Retrowave-Synthpop-Soundstation-In-Active-Computone-Love-Letter-From-The-Future-Computone-remix-600x600.jpg 600w, https:\/\/www.tax-5.ch\/studio5\/wp-content\/uploads\/2025\/07\/Retrowave-Synthpop-Soundstation-In-Active-Computone-Love-Letter-From-The-Future-Computone-remix-100x100.jpg 100w\" sizes=\"auto, (max-width: 700px) 100vw, 700px\" \/><\/a><\/figure>\n\n\n\n<figure class=\"wp-block-image size-full\"><a href=\"https:\/\/www.amazon.co.uk\/Carry-Me-Through\/dp\/B0F9X7FHYT\"><img loading=\"lazy\" decoding=\"async\" width=\"358\" height=\"358\" data-id=\"1309\" src=\"https:\/\/www.tax-5.ch\/wp-content\/uploads\/2025\/08\/european-summer-fest-in-active-look-at-me.webp\" alt=\"\" class=\"wp-image-1309\" srcset=\"https:\/\/www.tax-5.ch\/studio5\/wp-content\/uploads\/2025\/08\/european-summer-fest-in-active-look-at-me.webp 358w, https:\/\/www.tax-5.ch\/studio5\/wp-content\/uploads\/2025\/08\/european-summer-fest-in-active-look-at-me-300x300.webp 300w, https:\/\/www.tax-5.ch\/studio5\/wp-content\/uploads\/2025\/08\/european-summer-fest-in-active-look-at-me-150x150.webp 150w, https:\/\/www.tax-5.ch\/studio5\/wp-content\/uploads\/2025\/08\/european-summer-fest-in-active-look-at-me-100x100.webp 100w\" sizes=\"auto, (max-width: 358px) 100vw, 358px\" \/><\/a><\/figure>\n\n\n\n<figure class=\"wp-block-image size-full\"><a href=\"https:\/\/www.amazon.com\/School-Party-Vibes-VARIOUS-ARTISTS\/dp\/B0FHS1X82B\"><img loading=\"lazy\" decoding=\"async\" width=\"1280\" height=\"1280\" data-id=\"1466\" src=\"https:\/\/www.tax-5.ch\/wp-content\/uploads\/2025\/12\/back-to-school-party-vibes-summertime.jpg\" alt=\"\" class=\"wp-image-1466\" srcset=\"https:\/\/www.tax-5.ch\/studio5\/wp-content\/uploads\/2025\/12\/back-to-school-party-vibes-summertime.jpg 1280w, https:\/\/www.tax-5.ch\/studio5\/wp-content\/uploads\/2025\/12\/back-to-school-party-vibes-summertime-300x300.jpg 300w, https:\/\/www.tax-5.ch\/studio5\/wp-content\/uploads\/2025\/12\/back-to-school-party-vibes-summertime-1024x1024.jpg 1024w, https:\/\/www.tax-5.ch\/studio5\/wp-content\/uploads\/2025\/12\/back-to-school-party-vibes-summertime-150x150.jpg 150w, https:\/\/www.tax-5.ch\/studio5\/wp-content\/uploads\/2025\/12\/back-to-school-party-vibes-summertime-768x768.jpg 768w, https:\/\/www.tax-5.ch\/studio5\/wp-content\/uploads\/2025\/12\/back-to-school-party-vibes-summertime-600x600.jpg 600w, https:\/\/www.tax-5.ch\/studio5\/wp-content\/uploads\/2025\/12\/back-to-school-party-vibes-summertime-100x100.jpg 100w\" sizes=\"auto, (max-width: 1280px) 100vw, 1280px\" \/><\/a><\/figure>\n\n\n\n<figure class=\"wp-block-image size-full\"><a href=\"https:\/\/open.spotify.com\/intl-de\/album\/7GmnyAsxGWTYB6964mXeU3\"><img loading=\"lazy\" decoding=\"async\" width=\"2560\" height=\"2560\" data-id=\"1386\" src=\"https:\/\/www.tax-5.ch\/wp-content\/uploads\/2025\/12\/Gothic-Music-Welcome-to-the-Dark-Side-scaled.jpg\" alt=\"\" class=\"wp-image-1386\" srcset=\"https:\/\/www.tax-5.ch\/studio5\/wp-content\/uploads\/2025\/12\/Gothic-Music-Welcome-to-the-Dark-Side-scaled.jpg 2560w, https:\/\/www.tax-5.ch\/studio5\/wp-content\/uploads\/2025\/12\/Gothic-Music-Welcome-to-the-Dark-Side-300x300.jpg 300w, https:\/\/www.tax-5.ch\/studio5\/wp-content\/uploads\/2025\/12\/Gothic-Music-Welcome-to-the-Dark-Side-1024x1024.jpg 1024w, https:\/\/www.tax-5.ch\/studio5\/wp-content\/uploads\/2025\/12\/Gothic-Music-Welcome-to-the-Dark-Side-150x150.jpg 150w, https:\/\/www.tax-5.ch\/studio5\/wp-content\/uploads\/2025\/12\/Gothic-Music-Welcome-to-the-Dark-Side-768x768.jpg 768w, https:\/\/www.tax-5.ch\/studio5\/wp-content\/uploads\/2025\/12\/Gothic-Music-Welcome-to-the-Dark-Side-1536x1536.jpg 1536w, https:\/\/www.tax-5.ch\/studio5\/wp-content\/uploads\/2025\/12\/Gothic-Music-Welcome-to-the-Dark-Side-2048x2048.jpg 2048w, https:\/\/www.tax-5.ch\/studio5\/wp-content\/uploads\/2025\/12\/Gothic-Music-Welcome-to-the-Dark-Side-600x600.jpg 600w, https:\/\/www.tax-5.ch\/studio5\/wp-content\/uploads\/2025\/12\/Gothic-Music-Welcome-to-the-Dark-Side-100x100.jpg 100w\" sizes=\"auto, (max-width: 2560px) 100vw, 2560px\" \/><\/a><\/figure>\n\n\n\n<figure class=\"wp-block-image size-full\"><a href=\"https:\/\/www.amazon.de\/Exhale\/dp\/B0FNNJWKNF\"><img loading=\"lazy\" decoding=\"async\" width=\"716\" height=\"716\" data-id=\"1470\" src=\"https:\/\/www.tax-5.ch\/wp-content\/uploads\/2025\/12\/solor-eclipse-international-pop-virtual-love.jpg\" alt=\"\" class=\"wp-image-1470\" srcset=\"https:\/\/www.tax-5.ch\/studio5\/wp-content\/uploads\/2025\/12\/solor-eclipse-international-pop-virtual-love.jpg 716w, https:\/\/www.tax-5.ch\/studio5\/wp-content\/uploads\/2025\/12\/solor-eclipse-international-pop-virtual-love-300x300.jpg 300w, https:\/\/www.tax-5.ch\/studio5\/wp-content\/uploads\/2025\/12\/solor-eclipse-international-pop-virtual-love-150x150.jpg 150w, https:\/\/www.tax-5.ch\/studio5\/wp-content\/uploads\/2025\/12\/solor-eclipse-international-pop-virtual-love-600x600.jpg 600w, https:\/\/www.tax-5.ch\/studio5\/wp-content\/uploads\/2025\/12\/solor-eclipse-international-pop-virtual-love-100x100.jpg 100w\" sizes=\"auto, (max-width: 716px) 100vw, 716px\" \/><\/a><\/figure>\n<\/figure>\n\n\n\n<p><\/p>\n","protected":false},"excerpt":{"rendered":"<p>Bei In-Active handelt es sich um eine KI-Band, bestehend aus den fiktiven Mitgliedern Elizabeth, Denise und Steve. F\u00fcr die Produktion zeichnet sich Tax-5 verantwortlich, welcher auch gleichzeitig die Texte schreibt. In-Active wurde 2024 gegr\u00fcndet. Die Musik von IN-ACTIVE Die Musik vonIn-Active ist grob dem Genre Synthwave zuzuordnen. Dazu gibt es zum Teil Einfl\u00fcsse von Techno, [&hellip;]<\/p>\n","protected":false},"author":1,"featured_media":0,"parent":11,"menu_order":6,"comment_status":"closed","ping_status":"closed","template":"","meta":{"footnotes":""},"class_list":["post-49","page","type-page","status-publish","hentry"],"jetpack_sharing_enabled":true,"_links":{"self":[{"href":"https:\/\/www.tax-5.ch\/studio5\/wp-json\/wp\/v2\/pages\/49","targetHints":{"allow":["GET"]}}],"collection":[{"href":"https:\/\/www.tax-5.ch\/studio5\/wp-json\/wp\/v2\/pages"}],"about":[{"href":"https:\/\/www.tax-5.ch\/studio5\/wp-json\/wp\/v2\/types\/page"}],"author":[{"embeddable":true,"href":"https:\/\/www.tax-5.ch\/studio5\/wp-json\/wp\/v2\/users\/1"}],"replies":[{"embeddable":true,"href":"https:\/\/www.tax-5.ch\/studio5\/wp-json\/wp\/v2\/comments?post=49"}],"version-history":[{"count":30,"href":"https:\/\/www.tax-5.ch\/studio5\/wp-json\/wp\/v2\/pages\/49\/revisions"}],"predecessor-version":[{"id":1471,"href":"https:\/\/www.tax-5.ch\/studio5\/wp-json\/wp\/v2\/pages\/49\/revisions\/1471"}],"up":[{"embeddable":true,"href":"https:\/\/www.tax-5.ch\/studio5\/wp-json\/wp\/v2\/pages\/11"}],"wp:attachment":[{"href":"https:\/\/www.tax-5.ch\/studio5\/wp-json\/wp\/v2\/media?parent=49"}],"curies":[{"name":"wp","href":"https:\/\/api.w.org\/{rel}","templated":true}]}}